{"id":928,"date":"2016-04-14T08:48:09","date_gmt":"2016-04-14T05:48:09","guid":{"rendered":"http:\/\/epilare.definitiva.ro\/?page_id=928"},"modified":"2017-12-27T17:40:57","modified_gmt":"2017-12-27T15:40:57","slug":"preturi","status":"publish","type":"page","link":"https:\/\/epilare.definitiva.ro\/de\/preturi\/","title":{"rendered":"Preise"},"content":{"rendered":"<div class=\"l-submain max-height justify\"><div class=\"l-submain-h g-html i-cf\"><div class=\"g-cols offset_default\"><div class=\"full-width\">\n\t<div class=\"wpb_text_column \">\n\t\t<div class=\"wpb_wrapper\">\n\t\t\t\n<h2>Preise<\/h2>\n<p>Die Preise liegen in der Regel zwischen 25,- und 225,- \u20ac pro Behandlung und beinhalten am Anfang auch eine Hautanalyse (bei Bedarf bei einem mit uns kooperierenden Dermatologen) sowie eine Anamnese zur Vermeidung eventueller unliebsamer Nebeneffekte.<br \/>\nMit unserer nunmehr 15-J\u00e4hrigen Behandlungserfahrung bieten wir folgende Garantie f\u00fcr die permanente Haarentfernung* an: Sollte sich nach 15 Therapien im behandeltem Bereich noch Haarwuchs einstellen, so behandeln wir gratis bis zum gew\u00fcnschten Ergebnis! Ausgenommen ist wei\u00dfes -, wei\u00dfblondes Haar und -flaum. Die Ergebnisse halten ein Leben lang, eventueller sich nach ca. 5-6 Jahren einstellender Haarwuchs ist im Vergleich zum Ursprung als marginal zu bezeichnen!<\/p>\n<p>* <em>Laut letzten aktuellen Beschl\u00fcssen seitens der Kammern, ist die Bezeichnung \u201cpermanente Haarentfernung\u201c mit der Formulierung \u201cPermanent reduziertes Haarwachstum\u201c zu ersetzen, da sich nach circa 5-6 Jahren Haarwuchs einstellen kann, dieser jedoch als marginal zu bezeichnen ist.<\/em>\n\t\t<\/div> \n\t<\/div> <\/div><\/div><\/div><\/div><div class=\"l-submain parallax_ver break-pic\" id=\"section_625084\"><div class=\"l-submain-img\" style=\"background-image: url(https:\/\/epilare.definitiva.ro\/wp-content\/uploads\/2015\/02\/epilare-definitiva-skin-esthet-1-4c1.jpg);\"><\/div><div class=\"l-submain-h g-html i-cf\"><div class=\"g-cols offset_default\"><div class=\"full-width\">\n\t<div class=\"wpb_text_column \">\n\t\t<div class=\"wpb_wrapper\">\n\t\t\t<p>\n\t\t<\/div> \n\t<\/div> <\/div><\/div><\/div><\/div><script type='text\/javascript'>jQuery(document).ready(function(){ jQuery('#section_625084 .l-submain-img').parallax('50%', '0.6'); });<\/script><div class=\"l-submain max-height justify\"><div class=\"l-submain-h g-html i-cf\"><div class=\"g-cols offset_default\"><div class=\"full-width\">\n\t<div class=\"wpb_text_column \">\n\t\t<div class=\"wpb_wrapper\">\n\t\t\t\n<h3 class=\"left\">Haben Sie schon einmal eine Behandlung ohne Erfolg gemacht?<\/h3>\n<p>Generell gibt es in der Medizin keine Garantie auf den Erfolg, ein kleiner Prozentsatz spricht auf die Therapie nicht an. Es gibt aber ein gro\u00dfes ABER!<br \/>\nWir arbeiten nicht mit IPL-Ger\u00e4ten Made in Fernost f\u00fcr die Kosmetikbranche!<br \/>\nWir bitten Sie bei Preisvergleichen mit anderen Angeboten folgendes zu beachten:<br \/>\nBei uns wird ausschlie\u00dflich ein professionelles IPL Ger\u00e4t der neusten Generation der Firma LUMENIS\u2122 eingesetzt und ist das einzige Ger\u00e4t dessen Wirkung mittels 3 j\u00e4hriger klinischer Studie in Gro\u00dfbritannien belegt und von der Amerikanischen Food und Drug Administration (FDA) bet\u00e4tigt worden ist! Firma LUMENIS\u2122 z\u00e4hlt zu den f\u00fchrenden Herstellern f\u00fcr medizinische IPL und Laser-Ger\u00e4ten weltweit!<br \/>\nDieses IPL Ger\u00e4t zeichnet sich durch effektivste, gepr\u00fcfte und sichere Funktionsweise aus und entspricht den neusten Erkenntnissen der Haarentfernung. Damit gew\u00e4hrleisten wir Ihnen einen sicheren Erfolg der Behandlung mit wenigen Behandlungen, weitgehend schmerzfrei und ohne Nebenwirkungen.\n\t\t<\/div> \n\t<\/div> <\/div><\/div><\/div><\/div><div class=\"l-submain parallax_ver break-pic\" id=\"section_453108\"><div class=\"l-submain-img\" style=\"background-image: url(https:\/\/epilare.definitiva.ro\/wp-content\/uploads\/2014\/12\/epilare-definitiva-skin-esthet-1d1.jpg);\"><\/div><div class=\"l-submain-h g-html i-cf\"><div class=\"g-cols offset_default\"><div class=\"full-width\">\n\t<div class=\"wpb_text_column \">\n\t\t<div class=\"wpb_wrapper\">\n\t\t\t<p>\n\t\t<\/div> \n\t<\/div> <\/div><\/div><\/div><\/div><script type='text\/javascript'>jQuery(document).ready(function(){ jQuery('#section_453108 .l-submain-img').parallax('50%', '0.6'); });<\/script><div class=\"l-submain max-height center\" id=\"sorglos-paket\"><div class=\"l-submain-h g-html i-cf\"><div class=\"g-cols offset_default\"><div class=\"full-width\">\n\t<div class=\"wpb_text_column \">\n\t\t<div class=\"wpb_wrapper\">\n\t\t\t\n<h2>SkinEsthet Aspekt perfekt<\/h2>\n<h3>Sorglos-Paket<\/h3>\n\n\t\t<\/div> \n\t<\/div> <\/div><\/div><\/div><\/div><div class=\"l-submain parallax_ver break-pic\" id=\"section_351555\"><div class=\"l-submain-img\" style=\"background-image: url(https:\/\/epilare.definitiva.ro\/wp-content\/uploads\/2014\/12\/epilare-definitiva-skin-esthet-1-3h1.jpg);\"><\/div><div class=\"l-submain-h g-html i-cf\"><div class=\"g-cols offset_default\"><div class=\"full-width\">\n\t<div class=\"wpb_text_column \">\n\t\t<div class=\"wpb_wrapper\">\n\t\t\t<p>\n\t\t<\/div> \n\t<\/div> <\/div><\/div><\/div><\/div><script type='text\/javascript'>jQuery(document).ready(function(){ jQuery('#section_351555 .l-submain-img').parallax('50%', '-0.2'); });<\/script><div class=\"l-submain max-height justify\"><div class=\"l-submain-h g-html i-cf\"><div class=\"g-cols offset_default\"><div class=\"full-width\">\n\t<div class=\"wpb_text_column \">\n\t\t<div class=\"wpb_wrapper\">\n\t\t\t\n<h3>Vorteile<\/h3>\n<p>F\u00fcr Ihre Behandlungen erstellt Skin UNU ein Sorglos-Paket das eine Preis-Leistungs-Garantie darstellt. Profitieren Sie von unserem 15 Jahre langem Know-how und Service!\n\t\t<\/div> \n\t<\/div> <\/div><\/div><\/div><\/div><div class=\"l-submain parallax_ver break-pic\" id=\"section_856252\"><div class=\"l-submain-img\" style=\"background-image: url(https:\/\/epilare.definitiva.ro\/wp-content\/uploads\/2014\/12\/epilare-definitiva-skin-esthet-1c.jpg);\"><\/div><div class=\"l-submain-h g-html i-cf\"><div class=\"g-cols offset_default\"><div class=\"full-width\">\n\t<div class=\"wpb_text_column \">\n\t\t<div class=\"wpb_wrapper\">\n\t\t\t<p>\n\t\t<\/div> \n\t<\/div> <\/div><\/div><\/div><\/div><script type='text\/javascript'>jQuery(document).ready(function(){ jQuery('#section_856252 .l-submain-img').parallax('50%', '0.6'); });<\/script><div class=\"l-submain max-height justify\"><div class=\"l-submain-h g-html i-cf\"><div class=\"g-cols offset_default\"><div class=\"full-width\">\n\t<div class=\"wpb_text_column \">\n\t\t<div class=\"wpb_wrapper\">\n\t\t\t\n<h3>Kostenlose Beratung<\/h3>\n<p>Sie werden kompetent beraten, danach \u00fcberlegen Sie in Ruhe, ob Sie die Behandlung durchf\u00fchren lassen.\n\t\t<\/div> \n\t<\/div> <\/div><\/div><\/div><\/div><div class=\"l-submain parallax_ver break-pic\" id=\"section_517365\"><div class=\"l-submain-img\" style=\"background-image: url(https:\/\/epilare.definitiva.ro\/wp-content\/uploads\/2014\/12\/epilare-definitiva-skin-esthet-1f.jpg);\"><\/div><div class=\"l-submain-h g-html i-cf\"><div class=\"g-cols offset_default\"><div class=\"full-width\">\n\t<div class=\"wpb_text_column \">\n\t\t<div class=\"wpb_wrapper\">\n\t\t\t<p>\n\t\t<\/div> \n\t<\/div> <\/div><\/div><\/div><\/div><script type='text\/javascript'>jQuery(document).ready(function(){ jQuery('#section_517365 .l-submain-img').parallax('50%', '0.6'); });<\/script><div class=\"l-submain max-height justify\"><div class=\"l-submain-h g-html i-cf\"><div class=\"g-cols offset_default\"><div class=\"full-width\">\n\t<div class=\"wpb_text_column \">\n\t\t<div class=\"wpb_wrapper\">\n\t\t\t\n<h2>Modernste Laser- und IPL-Technologie<\/h2>\n<p>Sie werden nur mit den besten Ger\u00e4tenbehandelt! (FDA-Zertifizierung!!) Vom Hersteller der das IPL-System erfunden hat und der z.Z den \u201eGolden Standard\u201c an bestm\u00f6glicher Behandlung und damit verbundenem Ergebnis steht!\n\t\t<\/div> \n\t<\/div> <\/div><\/div><\/div><\/div><div class=\"l-submain break-pic\"><div class=\"l-submain-img\" style=\"background-image: url(https:\/\/epilare.definitiva.ro\/wp-content\/uploads\/2015\/02\/epilare-definitiva-skin-esthet-1-3f.jpg);\"><\/div><div class=\"l-submain-h g-html i-cf\"><div class=\"g-cols offset_default\"><div class=\"full-width\">\n\t<div class=\"wpb_text_column \">\n\t\t<div class=\"wpb_wrapper\">\n\t\t\t<p>\n\t\t<\/div> \n\t<\/div> <\/div><\/div><\/div><\/div><div class=\"l-submain max-height center\"><div class=\"l-submain-h g-html i-cf\"><div class=\"g-cols offset_default\"><div class=\"full-width\">\n\t<div class=\"wpb_text_column \">\n\t\t<div class=\"wpb_wrapper\">\n\t\t\t\n<h4>!!! Das hei\u00dft wir arbeiten nicht mit billigen \u201eMade in Fernost\u201c hergestellten Ger\u00e4ten!!!!<\/h4>\n\n\t\t<\/div> \n\t<\/div> <\/div><\/div><\/div><\/div><div class=\"l-submain parallax_ver break-pic\" id=\"section_136605\"><div class=\"l-submain-img\" style=\"background-image: url(https:\/\/epilare.definitiva.ro\/wp-content\/uploads\/2015\/03\/Skin-esthet-epilare-definitiva-slider-a.jpg);\"><\/div><div class=\"l-submain-h g-html i-cf\"><div class=\"g-cols offset_default\"><div class=\"full-width\">\n\t<div class=\"wpb_text_column \">\n\t\t<div class=\"wpb_wrapper\">\n\t\t\t<p>\n\t\t<\/div> \n\t<\/div> <\/div><\/div><\/div><\/div><script type='text\/javascript'>jQuery(document).ready(function(){ jQuery('#section_136605 .l-submain-img').parallax('50%', '0.6'); });<\/script><div class=\"l-submain max-height justify\"><div class=\"l-submain-h g-html i-cf\"><div class=\"g-cols offset_default\"><div class=\"full-width\">\n\t<div class=\"wpb_text_column \">\n\t\t<div class=\"wpb_wrapper\">\n\t\t\t\n<h3>Bestpreisgarantie<\/h3>\n<p>Sie k\u00f6nnen sicher sein, dass unsere Preise bei vergleichbarer Leistung, Behandlungsmethode und medizinisch technischen Ger\u00e4ten,die besten sind.<\/p>\n<p>Gleichwertige Behandlung bedeutet unter anderem: Durchf\u00fchrung der Behandlung im Raum Wien, Einsatz <strong>gleicher<\/strong> IPL- oder Laser, Durchf\u00fchrung der Behandlung durch <strong>gleich<\/strong> qualifiziertes Personal und <strong>gleichwertige<\/strong> Vor- und Nachbetreuung!\n\t\t<\/div> \n\t<\/div> <\/div><\/div><\/div><\/div><div class=\"l-submain parallax_ver break-pic\" id=\"section_998668\"><div class=\"l-submain-img\" style=\"background-image: url(https:\/\/epilare.definitiva.ro\/wp-content\/uploads\/2015\/02\/epilare-definitiva-skin-esthet-1-2i.jpg);\"><\/div><div class=\"l-submain-h g-html i-cf\"><div class=\"g-cols offset_default\"><div class=\"full-width\">\n\t<div class=\"wpb_text_column \">\n\t\t<div class=\"wpb_wrapper\">\n\t\t\t<p>\n\t\t<\/div> \n\t<\/div> <\/div><\/div><\/div><\/div><script type='text\/javascript'>jQuery(document).ready(function(){ jQuery('#section_998668 .l-submain-img').parallax('50%', '0.6'); });<\/script><div class=\"l-submain max-height justify\"><div class=\"l-submain-h g-html i-cf\"><div class=\"g-cols offset_default\"><div class=\"full-width\">\n\t<div class=\"wpb_text_column \">\n\t\t<div class=\"wpb_wrapper\">\n\t\t\t\n<h3>Attraktive Kombi-Angebote<\/h3>\n<p>Fragen Sie nach den Paket-Angeboten und profitieren Sie.\n\t\t<\/div> \n\t<\/div> <\/div><\/div><\/div><\/div><div class=\"l-submain parallax_ver break-pic\" id=\"section_786352\"><div class=\"l-submain-img\" style=\"background-image: url(https:\/\/epilare.definitiva.ro\/wp-content\/uploads\/2015\/02\/epilare-definitiva-skin-esthet-1-3b.jpg);\"><\/div><div class=\"l-submain-h g-html i-cf\"><div class=\"g-cols offset_default\"><div class=\"full-width\">\n\t<div class=\"wpb_text_column \">\n\t\t<div class=\"wpb_wrapper\">\n\t\t\t<p>\n\t\t<\/div> \n\t<\/div> <\/div><\/div><\/div><\/div><script type='text\/javascript'>jQuery(document).ready(function(){ jQuery('#section_786352 .l-submain-img').parallax('50%', '0.6'); });<\/script><div class=\"l-submain max-height justify\"><div class=\"l-submain-h g-html i-cf\"><div class=\"g-cols offset_default\"><div class=\"full-width\">\n\t<div class=\"wpb_text_column \">\n\t\t<div class=\"wpb_wrapper\">\n\t\t\t\n<h3>Dokumentation der gesamten Behandlung<\/h3>\n<p>Ihre Behandlungserfolge werden umfassend mit Digitalkamera dokumentiert.\n\t\t<\/div> \n\t<\/div> <\/div><\/div><\/div><\/div><div class=\"l-submain parallax_ver break-pic\" id=\"section_914551\"><div class=\"l-submain-img\" style=\"background-image: url(https:\/\/epilare.definitiva.ro\/wp-content\/uploads\/2015\/02\/epilare-definitiva-skin-esthet-1-3a.jpg);\"><\/div><div class=\"l-submain-h g-html i-cf\"><div class=\"g-cols offset_default\"><div class=\"full-width\">\n\t<div class=\"wpb_text_column \">\n\t\t<div class=\"wpb_wrapper\">\n\t\t\t<p>\n\t\t<\/div> \n\t<\/div> <\/div><\/div><\/div><\/div><script type='text\/javascript'>jQuery(document).ready(function(){ jQuery('#section_914551 .l-submain-img').parallax('50%', '0.6'); });<\/script><div class=\"l-submain max-height justify\"><div class=\"l-submain-h g-html i-cf\"><div class=\"g-cols offset_default\"><div class=\"full-width\">\n\t<div class=\"wpb_text_column \">\n\t\t<div class=\"wpb_wrapper\">\n\t\t\t\n<h2>Anamnese<\/h2>\n<p>Die Erhebung Ihrer Vorgeschichte und aktuellen Befindlichkeit durch uns. Neben Fragen, die wir je nach Hautbild bzw. dessen Zustandstellen, geh\u00f6rt zu einer gr\u00fcndlichen Anamnese.\n\t\t<\/div> \n\t<\/div> <\/div><\/div><\/div><\/div><div class=\"l-submain parallax_ver break-pic\" id=\"section_837784\"><div class=\"l-submain-img\" style=\"background-image: url(https:\/\/epilare.definitiva.ro\/wp-content\/uploads\/2014\/12\/epilare-definitiva-skin-esthet-1-1i.jpg);\"><\/div><div class=\"l-submain-h g-html i-cf\"><div class=\"g-cols offset_default\"><div class=\"full-width\">\n\t<div class=\"wpb_text_column \">\n\t\t<div class=\"wpb_wrapper\">\n\t\t\t<p>\n\t\t<\/div> \n\t<\/div> <\/div><\/div><\/div><\/div><script type='text\/javascript'>jQuery(document).ready(function(){ jQuery('#section_837784 .l-submain-img').parallax('50%', '0.6'); });<\/script><div class=\"l-submain max-height justify\"><div class=\"l-submain-h g-html i-cf\"><div class=\"g-cols offset_default\"><div class=\"full-width\">\n\t<div class=\"wpb_text_column \">\n\t\t<div class=\"wpb_wrapper\">\n\t\t\t\n<h3>Abgestimmte Vor- und Nachbehandlung<\/h3>\n<p>Der gezielte Einsatz von Produkten f\u00fcr die Nachbehandlung hilft, den Behandlungserfolg zu verbessern und eventuelle sich einstellende sekund\u00e4r-Effekte und deren Dauer drastisch zu reduzieren!\n\t\t<\/div> \n\t<\/div> <\/div><\/div><\/div><\/div><div class=\"l-submain parallax_ver break-pic\" id=\"section_372420\"><div class=\"l-submain-img\" style=\"background-image: url(https:\/\/epilare.definitiva.ro\/wp-content\/uploads\/2014\/12\/epilare-definitiva-skin-esthet-1e.jpg);\"><\/div><div class=\"l-submain-h g-html i-cf\"><div class=\"g-cols offset_default\"><div class=\"full-width\">\n\t<div class=\"wpb_text_column \">\n\t\t<div class=\"wpb_wrapper\">\n\t\t\t<p>\n\t\t<\/div> \n\t<\/div> <\/div><\/div><\/div><\/div><script type='text\/javascript'>jQuery(document).ready(function(){ jQuery('#section_372420 .l-submain-img').parallax('50%', '0'); });<\/script><div class=\"l-submain max-height justify\"><div class=\"l-submain-h g-html i-cf\"><div class=\"g-cols offset_default\"><div class=\"full-width\">\n\t<div class=\"wpb_text_column \">\n\t\t<div class=\"wpb_wrapper\">\n\t\t\t\n<h3>Voruntersuchungen finden bei uns statt<\/h3>\n<p>Keine umst\u00e4ndlichen Wege und Kosten, bei eventuell festgestelltem Krankheitsbild verweisen wir an den Facharzt.\n\t\t<\/div> \n\t<\/div> <\/div><\/div><\/div><\/div><div class=\"l-submain parallax_ver break-pic\" id=\"section_265182\"><div class=\"l-submain-img\" style=\"background-image: url(https:\/\/epilare.definitiva.ro\/wp-content\/uploads\/2015\/02\/epilare-definitiva-skin-esthet-1-2c.jpg);\"><\/div><div class=\"l-submain-h g-html i-cf\"><div class=\"g-cols offset_default\"><div class=\"full-width\">\n\t<div class=\"wpb_text_column \">\n\t\t<div class=\"wpb_wrapper\">\n\t\t\t<p>\n\t\t<\/div> \n\t<\/div> <\/div><\/div><\/div><\/div><script type='text\/javascript'>jQuery(document).ready(function(){ jQuery('#section_265182 .l-submain-img').parallax('50%', '0'); });<\/script><div class=\"l-submain max-height justify\"><div class=\"l-submain-h g-html i-cf\"><div class=\"g-cols offset_default\"><div class=\"full-width\">\n\t<div class=\"wpb_text_column \">\n\t\t<div class=\"wpb_wrapper\">\n\t\t\t\n<h3>Flexible \u00d6ffnungszeiten und Termine<\/h3>\n<p>Vereinbaren Sie mit uns Ihren individuellen Behandlungstermin, wann immer Sie wollen, wir arbeiten wenn Sie frei haben!\n\t\t<\/div> \n\t<\/div> <\/div><\/div><\/div><\/div><div class=\"l-submain parallax_ver break-pic\" id=\"section_113675\"><div class=\"l-submain-img\" style=\"background-image: url(https:\/\/epilare.definitiva.ro\/wp-content\/uploads\/2015\/02\/epilare-definitiva-skin-esthet-1-2b.jpg);\"><\/div><div class=\"l-submain-h g-html i-cf\"><div class=\"g-cols offset_default\"><div class=\"full-width\">\n\t<div class=\"wpb_text_column \">\n\t\t<div class=\"wpb_wrapper\">\n\t\t\t<p>\n\t\t<\/div> \n\t<\/div> <\/div><\/div><\/div><\/div><script type='text\/javascript'>jQuery(document).ready(function(){ jQuery('#section_113675 .l-submain-img').parallax('50%', '0'); });<\/script><div class=\"l-submain max-height justify\"><div class=\"l-submain-h g-html i-cf\"><div class=\"g-cols offset_default\"><div class=\"full-width\">\n\t<div class=\"wpb_text_column \">\n\t\t<div class=\"wpb_wrapper\">\n\t\t\t\n<h3>Behandlungs-Therapien auf dem h\u00f6chsten Standard<\/h3>\n<p>F\u00fcr Ihre Sicherheit werden st\u00e4ndig Hygiene, Ger\u00e4te und R\u00e4umlichkeiten kontrolliert und zertifiziert und erf\u00fcllensomit die h\u00f6chsten Standards!\n\t\t<\/div> \n\t<\/div> <\/div><\/div><\/div><\/div><div class=\"l-submain parallax_ver break-pic\" id=\"section_649410\"><div class=\"l-submain-img\" style=\"background-image: url(https:\/\/epilare.definitiva.ro\/wp-content\/uploads\/2015\/02\/epilare-definitiva-skin-esthet-1-2h.jpg);\"><\/div><div class=\"l-submain-h g-html i-cf\"><div class=\"g-cols offset_default\"><div class=\"full-width\">\n\t<div class=\"wpb_text_column \">\n\t\t<div class=\"wpb_wrapper\">\n\t\t\t<p>\n\t\t<\/div> \n\t<\/div> <\/div><\/div><\/div><\/div><script type='text\/javascript'>jQuery(document).ready(function(){ jQuery('#section_649410 .l-submain-img').parallax('50%', '0.6'); });<\/script><div class=\"l-submain white-bgrd\" id=\"contact\"><div class=\"l-submain-overlay black_10\"><\/div><div class=\"l-submain-h g-html i-cf\"><div class=\"g-cols offset_default\"><div class=\"two-thirds\">\n\t<div class=\"wpb_text_column \">\n\t\t<div class=\"wpb_wrapper\">\n\t\t\t\n<h4>Kontakt<\/h4>\n<p>Wenn Sie mehr \u00fcber unsere Dienstleistungen erfahren m\u00f6chten oder uns einfach Ihr Feedback senden m\u00f6chten, verwenden Sie bitte unten stehendes Formular.\n\t\t<\/div> \n\t<\/div> <form class=\"w-form\" action=\"\" method=\"post\"><input type=\"hidden\" name=\"action\" value=\"contact\"><div class=\"w-form-row\">\r\n\t\t\t\t\t\t<div class=\"w-form-label\">\r\n\t\t\t\t\t\t\t<label for=\"contact_name\">Familienname, Vorname *<\/label>\r\n\t\t\t\t\t\t<\/div>\r\n\t\t\t\t\t\t<div class=\"w-form-field\">\r\n\t\t\t\t\t\t\t<input type=\"text\" name=\"contact_name\" id=\"contact_name\" value=\"\">\r\n\t\t\t\t\t\t\t<i class=\"fa fa-user\"><\/i>\r\n\t\t\t\t\t\t<\/div>\r\n\t\t\t\t\t\t\r\n\t\t\t\t\t<\/div><div class=\"w-form-row\">\r\n\t\t\t\t\t\t<div class=\"w-form-label\">\r\n\t\t\t\t\t\t\t<label for=\"contact_email\">e-Mail-Adresse *<\/label>\r\n\t\t\t\t\t\t<\/div>\r\n\t\t\t\t\t\t<div class=\"w-form-field\">\r\n\t\t\t\t\t\t\t<input type=\"text\" name=\"contact_email\" id=\"contact_email\" value=\"\">\r\n\t\t\t\t\t\t\t<i class=\"fa fa-envelope\"><\/i>\r\n\t\t\t\t\t\t<\/div>\r\n\t\t\t\t\t\t\r\n\t\t\t\t\t<\/div><div class=\"w-form-row\">\r\n\t\t\t\t\t\t<div class=\"w-form-label\">\r\n\t\t\t\t\t\t\t<label for=\"contact_phone\">Telefonnummer *<\/label>\r\n\t\t\t\t\t\t<\/div>\r\n\t\t\t\t\t\t<div class=\"w-form-field\">\r\n\t\t\t\t\t\t\t<input type=\"text\" name=\"contact_phone\" id=\"contact_phone\" value=\"\">\r\n\t\t\t\t\t\t\t<i class=\"fa fa-phone\"><\/i>\r\n\t\t\t\t\t\t<\/div>\r\n\t\t\t\t\t\t\r\n\t\t\t\t\t<\/div><div class=\"w-form-row\">\r\n\t\t\t\t\t\t<div class=\"w-form-label\">\r\n\t\t\t\t\t\t\t<label for=\"input1x3\">Text Nachricht *<\/label>\r\n\t\t\t\t\t\t<\/div>\r\n\t\t\t\t\t\t<div class=\"w-form-field\">\r\n\t\t\t\t\t\t\t<textarea name=\"contact_message\" id=\"contact_message\" cols=\"30\" rows=\"10\"><\/textarea>\r\n\t\t\t\t\t\t\t<i class=\"fa fa-pencil\"><\/i>\r\n\t\t\t\t\t\t<\/div>\r\n\t\t\t\t\t\t\r\n\t\t\t\t\t<\/div><div class=\"w-form-row\">\r\n\t\t\t\t\t\t<div class=\"w-form-label\">\r\n\t\t\t\t\t\t\t<label for=\"contact_captcha\">Um Spam zu vermeiden tragen Sie bitte das Resultat der einfachen Rechenaufgabe ein,  Danke 1 + 4<\/label>\r\n\t\t\t\t\t\t<\/div>\r\n\t\t\t\t\t\t<div class=\"w-form-field\">\r\n\t\t\t\t\t\t\t<input type=\"hidden\" name=\"contact_captcha_result\" value=\"9ed71caf37375727f0f5836cac38539a\">\r\n\t\t\t\t\t\t\t<input type=\"text\" name=\"contact_captcha\" id=\"contact_captcha\" value=\"\">\r\n\t\t\t\t\t\t<\/div>\r\n\t\t\t\t\t\t\r\n\t\t\t\t\t<\/div><div class=\"w-form-row for_submit\">\r\n\t\t\t\t\t\t<div class=\"w-form-field\">\r\n\t\t\t\t\t\t\t<button class=\"g-btn color_primary outlined\"><i class=\"fa fa-spinner fa-spin\"><\/i><span>Senden<\/span><\/button>\r\n\t\t\t\t\t\t\t<div class=\"w-form-field-success\"><\/div>\r\n\t\t\t\t\t\t<\/div>\r\n\t\t\t\t\t<\/div>\r\n\t\t<\/form><\/div><div class=\"one-third\">\n\t<div class=\"wpb_text_column \">\n\t\t<div class=\"wpb_wrapper\">\n\t\t\t\n<div class=\"footer-contact\">\n<h5>Weitere Kontaktm\u00f6glichkeiten:<\/h5>\n<p><span class=\"contact-row-left\">Telefon:<\/span><span class=\"contact-row-right\"><strong>+40 740 75 78 99<\/strong><\/span><br \/>\n<span class=\"contact-row-left\">E-mail:<\/span><span class=\"contact-row-right\"><a href=\"mailto:epilare@definitiva.ro\">epilare @ definitiva .ro<\/a><\/span><br \/>\n<span class=\"contact-row-left\">Pagin\u0103 web:<\/span><span class=\"contact-row-right\"><a href=\"https:\/\/epilare.definitiva.ro\">epilare.definitiva.ro<\/a><\/span><br \/>\n<span class=\"contact-row-left\">Facebook:<\/span><span class=\"contact-row-right\"><a href=\"https:\/\/www.facebook.com\/epilare.definitiva.garantata\" target=\"_blank\">Epilare Definitiva<\/a><\/span><\/p>\n<\/div>\n\n\t\t<\/div> \n\t<\/div> <div class=\"w-socials size_big align_center\">\r\n\t\t\t<div class=\"w-socials-list\"><div class=\"w-socials-item email\">\r\n\t\t\t\t\t<a class=\"w-socials-item-link\" href=\"mailto:michael@schmidleitner.at\">\r\n\t\t\t\t\t\t<i class=\"fa fa-envelope\"><\/i>\r\n\t\t\t\t\t<\/a>\r\n\t\t\t\t\t<div class=\"w-socials-item-popup\">\r\n\t\t\t\t\t\t<span>Email<\/span>\r\n\t\t\t\t\t<\/div>\r\n\t\t\t\t\t<\/div><div class=\"w-socials-item facebook\">\r\n\t\t\t\t\t<a class=\"w-socials-item-link\" target=\"_blank\" href=\"https:\/\/www.facebook.com\/epilare.definitiva.garantata\">\r\n\t\t\t\t\t\t<i class=\"fa fa-facebook\"><\/i>\r\n\t\t\t\t\t<\/a>\r\n\t\t\t\t\t<div class=\"w-socials-item-popup\">\r\n\t\t\t\t\t\t<span>Facebook<\/span>\r\n\t\t\t\t\t<\/div>\r\n\t\t\t\t\t<\/div><div class=\"w-socials-item gplus\">\r\n\t\t\t\t\t<a class=\"w-socials-item-link\" target=\"_blank\" href=\"https:\/\/plus.google.com\/u\/0\/106730199262660605559\/posts\">\r\n\t\t\t\t\t\t<i class=\"fa fa-google-plus\"><\/i>\r\n\t\t\t\t\t<\/a>\r\n\t\t\t\t\t<div class=\"w-socials-item-popup\">\r\n\t\t\t\t\t\t<span>Google+<\/span>\r\n\t\t\t\t\t<\/div>\r\n\t\t\t\t\t<\/div><div class=\"w-socials-item youtube\">\r\n\t\t\t\t\t<a class=\"w-socials-item-link\" target=\"_blank\" href=\"https:\/\/youtu.be\/xfmiO4_pq_0\">\r\n\t\t\t\t\t\t<i class=\"fa fa-youtube-play\"><\/i>\r\n\t\t\t\t\t<\/a>\r\n\t\t\t\t\t<div class=\"w-socials-item-popup\">\r\n\t\t\t\t\t\t<span>YouTube<\/span>\r\n\t\t\t\t\t<\/div>\r\n\t\t\t\t\t<\/div><\/div><\/div>\n\t<div class=\"wpb_single_image wpb_content_element align_center\">\n\t\t<div class=\"wpb_wrapper\">\n\t\t\t<img loading=\"lazy\" decoding=\"async\" width=\"256\" height=\"300\" src=\"https:\/\/epilare.definitiva.ro\/wp-content\/uploads\/2015\/02\/contact-epilare-definitiva-256x300.jpg\" class=\"attachment-medium size-medium\" alt=\"\" srcset=\"https:\/\/epilare.definitiva.ro\/wp-content\/uploads\/2015\/02\/contact-epilare-definitiva-256x300.jpg 256w, https:\/\/epilare.definitiva.ro\/wp-content\/uploads\/2015\/02\/contact-epilare-definitiva-171x200.jpg 171w, https:\/\/epilare.definitiva.ro\/wp-content\/uploads\/2015\/02\/contact-epilare-definitiva.jpg 484w\" sizes=\"auto, (max-width: 256px) 100vw, 256px\" \/>\n\t\t<\/div> \n\t<\/div> <\/div><\/div><\/div><\/div>","protected":false},"excerpt":{"rendered":"[section background=\"\" img=\"\" class=\"max-height justify\"] Preise Die Preise liegen in der Regel zwischen 25,- und 225,- \u20ac pro Behandlung und beinhalten am Anfang auch eine Hautanalyse (bei Bedarf bei einem mit uns kooperierenden Dermatologen) sowie eine Anamnese zur Vermeidung eventueller...","protected":false},"author":1,"featured_media":0,"parent":0,"menu_order":0,"comment_status":"closed","ping_status":"closed","template":"","meta":{"_exactmetrics_skip_tracking":false,"_exactmetrics_sitenote_active":false,"_exactmetrics_sitenote_note":"","_exactmetrics_sitenote_category":0,"footnotes":""},"class_list":["post-928","page","type-page","status-publish","hentry"],"_links":{"self":[{"href":"https:\/\/epilare.definitiva.ro\/de\/wp-json\/wp\/v2\/pages\/928","targetHints":{"allow":["GET"]}}],"collection":[{"href":"https:\/\/epilare.definitiva.ro\/de\/wp-json\/wp\/v2\/pages"}],"about":[{"href":"https:\/\/epilare.definitiva.ro\/de\/wp-json\/wp\/v2\/types\/page"}],"author":[{"embeddable":true,"href":"https:\/\/epilare.definitiva.ro\/de\/wp-json\/wp\/v2\/users\/1"}],"replies":[{"embeddable":true,"href":"https:\/\/epilare.definitiva.ro\/de\/wp-json\/wp\/v2\/comments?post=928"}],"version-history":[{"count":102,"href":"https:\/\/epilare.definitiva.ro\/de\/wp-json\/wp\/v2\/pages\/928\/revisions"}],"predecessor-version":[{"id":1232,"href":"https:\/\/epilare.definitiva.ro\/de\/wp-json\/wp\/v2\/pages\/928\/revisions\/1232"}],"wp:attachment":[{"href":"https:\/\/epilare.definitiva.ro\/de\/wp-json\/wp\/v2\/media?parent=928"}],"curies":[{"name":"wp","href":"https:\/\/api.w.org\/{rel}","templated":true}]}}