{"id":625,"date":"2015-03-23T12:50:43","date_gmt":"2015-03-23T10:50:43","guid":{"rendered":"http:\/\/epilare.definitiva.ro\/?page_id=625"},"modified":"2025-06-29T15:57:44","modified_gmt":"2025-06-29T12:57:44","slug":"impressum","status":"publish","type":"page","link":"https:\/\/epilare.definitiva.ro\/de\/impressum\/","title":{"rendered":"Nutzungsrechte und Datenschutz"},"content":{"rendered":"<div class=\"l-submain\"><div class=\"l-submain-h g-html i-cf\"><h2>Impressum<\/h2>\n<p>S.C. Skin Unu S.R.L.<br \/>\nSatulung Nr. 167<br \/>\nCode Postal: 437270<br \/>\nJudetul: Maramures<br \/>\nReg. Nr.: J24 \/ 423 \/ 23.02.2007<br \/>\nSteuernummer: 21196601<br \/>\nAdministratorin: Gabriela BOBIN<br \/>\nConsultant: Michael SCHMIDLEITNER<br \/>\nE-Mail: epilare (Klammeraffe) definitiva (ro)<\/p>\n<\/div><\/div><div class=\"l-submain justify\"><div class=\"l-submain-h g-html i-cf\"><div class=\"g-cols offset_default\"><div class=\"full-width\">\n\t<div class=\"wpb_text_column \">\n\t\t<div class=\"wpb_wrapper\">\n\t\t\t\n<h2>Datenschutzerkl\u00e4rung<\/h2>\n<p>Wir erheben, verwenden und speichern Ihre personenbezogenen Daten ausschlie\u00dflich im Rahmen der Bestimmungen des Datenschutzgesetzes. Nachfolgend unterrichten wir Sie \u00fcber Art, Umfang und Zweck der Datenerhebung und Verwendung.<\/p>\n<h3>Erhebung und Verarbeitung von Daten<\/h3>\n<p>Jeder Zugriff auf unsere Internetseite und jeder Abruf einer auf dieser Website hinterlegten Datei werden protokolliert. Die Speicherung dient internen systembezogenen und statistischen Zwecken. Protokolliert werden: Name der abgerufenen Datei, Datum und Uhrzeit des Abrufs, \u00fcbertragene Datenmenge, Meldung \u00fcber erfolgreichen Abruf, Webbrowser und anfragende Domain. Zus\u00e4tzlich werden die IP Adressen der anfragenden Rechner protokolliert. Weitergehende personenbezogene Daten werden nur erfasst, wenn der Nutzer der Website und\/oder Kunde Angaben freiwillig, etwa im Rahmen einer Anfrage oder Registrierung oder zum Abschluss eines Vertrages oder \u00fcber die Einstellungen seines Browsers t\u00e4tigt.<br \/>\nUnsere Internetseite verwendet Cookies. Ein Cookie ist eine Textdatei, die beim Besuch einer Internetseite verschickt und auf der Festplatte des Nutzers der Website und\/oder Kunden zwischengespeichert wird. Wird der entsprechende Server unserer Webseite erneut vom Nutzer der Website und\/oder Kunden aufgerufen, sendet der Browser des Nutzers der Website und\/oder des Kunden den zuvor empfangenen Cookie wieder zur\u00fcck an den Server. Der Server kann dann die durch diese Prozedur erhaltenen Informationen auf verschiedene Arten auswerten. Durch Cookies k\u00f6nnen z. B. Werbeeinblendungen gesteuert oder das Navigieren auf einer Internetseite erleichtert werden. Wenn der Nutzer der Website und\/oder Kunde die Nutzung von Cookies unterbinden will, kann er dies durch lokale Vornahme der \u00c4nderungen seiner Einstellungen in dem auf seinem Computer verwendeten Internetbrowser, also dem Programm zum \u00d6ffnen und Anzeigen von Internetseiten (z.B. Internet Explorer, Mozilla Firefox, Opera oder Safari) tun.<\/p>\n<h3>Nutzung und Weitergabe personenbezogener Daten<\/h3>\n<p>Soweit der Nutzer unserer Webseite personenbezogene Daten zur Verf\u00fcgung gestellt hat, verwenden wir diese nur zur Beantwortung von Anfragen des Nutzers der Website und\/oder Kunden, zur Abwicklung mit dem Nutzer der Website und\/oder Kunden geschlossener Vertr\u00e4ge und f\u00fcr die technische Administration. Personenbezogene Daten werden von uns an Dritte nur weitergegeben oder sonst \u00fcbermittelt, wenn dies zum Zwecke der Vertragsabwicklung oder zu Abrechnungszwecken erforderlich ist oder der Nutzer der Website und\/oder Kunde zuvor eingewilligt hat. Der Nutzer der Website und\/oder Kunde hat das Recht, eine erteilte Einwilligung mit Wirkung f\u00fcr die Zukunft jederzeit zu widerrufen.<\/p>\n<p>Die L\u00f6schung der gespeicherten personenbezogenen Daten erfolgt, wenn der Nutzer der Website und\/oder Kunde die Einwilligung zur Speicherung widerruft, wenn ihre Kenntnis zur Erf\u00fcllung des mit der Speicherung verfolgten Zwecks nicht mehr erforderlich ist oder wenn ihre Speicherung aus sonstigen gesetzlichen Gr\u00fcnden unzul\u00e4ssig ist. Daten f\u00fcr Abrechnungszwecke und buchhalterische Zwecke werden von einem L\u00f6schungsverlangen nicht ber\u00fchrt.<\/p>\n<h3>Auskunftsrecht<\/h3>\n<p>Auf schriftliche Anfrage informieren wir den Nutzer der Website und\/oder den Kunden \u00fcber die zu seiner Person gespeicherten Daten. Die Anfrage ist an unsere im Impressum der Webseite angegebene Adresse zu richten.<\/p>\n<h3 id=\"cookies\">Cookie-Bestimmungen:<\/h3>\n<p>Um Ihnen den bestm\u00f6glichen Service zu bieten, speichert diese Website Informationen \u00fcber Ihren Besuch in sogenannten Cookies. Durch die Nutzung dieser Webseite erkl\u00e4ren Sie sich mit der Verwendung von Cookies einverstanden. Weitere Informationen \u00fcber Cookies, sowie welche Daten wir wie lange speichern, finden Sie in unserer Datenschutzerkl\u00e4rung. Dort k\u00f6nnen Sie auch der Verwendung von Cookies widersprechen und die Browsereinstellungen entsprechend anpassen.\n\t\t<\/div> \n\t<\/div> <\/div><\/div><\/div><\/div><div class=\"l-submain white-bgrd\" id=\"contact\"><div class=\"l-submain-overlay black_10\"><\/div><div class=\"l-submain-h g-html i-cf\"><div class=\"g-cols offset_default\"><div class=\"two-thirds\">\n\t<div class=\"wpb_text_column \">\n\t\t<div class=\"wpb_wrapper\">\n\t\t\t\n<h4>Kontakt<\/h4>\n<p>Wenn Sie mehr \u00fcber unsere Dienstleistungen erfahren m\u00f6chten oder uns einfach Ihr Feedback senden m\u00f6chten, verwenden Sie bitte unten stehendes Formular.\n\t\t<\/div> \n\t<\/div> <form class=\"w-form\" action=\"\" method=\"post\"><input type=\"hidden\" name=\"action\" value=\"contact\"><div class=\"w-form-row\">\r\n\t\t\t\t\t\t<div class=\"w-form-label\">\r\n\t\t\t\t\t\t\t<label for=\"contact_name\">Familienname, Vorname *<\/label>\r\n\t\t\t\t\t\t<\/div>\r\n\t\t\t\t\t\t<div class=\"w-form-field\">\r\n\t\t\t\t\t\t\t<input type=\"text\" name=\"contact_name\" id=\"contact_name\" value=\"\">\r\n\t\t\t\t\t\t\t<i class=\"fa fa-user\"><\/i>\r\n\t\t\t\t\t\t<\/div>\r\n\t\t\t\t\t\t\r\n\t\t\t\t\t<\/div><div class=\"w-form-row\">\r\n\t\t\t\t\t\t<div class=\"w-form-label\">\r\n\t\t\t\t\t\t\t<label for=\"contact_email\">e-Mail-Adresse *<\/label>\r\n\t\t\t\t\t\t<\/div>\r\n\t\t\t\t\t\t<div class=\"w-form-field\">\r\n\t\t\t\t\t\t\t<input type=\"text\" name=\"contact_email\" id=\"contact_email\" value=\"\">\r\n\t\t\t\t\t\t\t<i class=\"fa fa-envelope\"><\/i>\r\n\t\t\t\t\t\t<\/div>\r\n\t\t\t\t\t\t\r\n\t\t\t\t\t<\/div><div class=\"w-form-row\">\r\n\t\t\t\t\t\t<div class=\"w-form-label\">\r\n\t\t\t\t\t\t\t<label for=\"contact_phone\">Telefonnummer *<\/label>\r\n\t\t\t\t\t\t<\/div>\r\n\t\t\t\t\t\t<div class=\"w-form-field\">\r\n\t\t\t\t\t\t\t<input type=\"text\" name=\"contact_phone\" id=\"contact_phone\" value=\"\">\r\n\t\t\t\t\t\t\t<i class=\"fa fa-phone\"><\/i>\r\n\t\t\t\t\t\t<\/div>\r\n\t\t\t\t\t\t\r\n\t\t\t\t\t<\/div><div class=\"w-form-row\">\r\n\t\t\t\t\t\t<div class=\"w-form-label\">\r\n\t\t\t\t\t\t\t<label for=\"input1x3\">Text Nachricht *<\/label>\r\n\t\t\t\t\t\t<\/div>\r\n\t\t\t\t\t\t<div class=\"w-form-field\">\r\n\t\t\t\t\t\t\t<textarea name=\"contact_message\" id=\"contact_message\" cols=\"30\" rows=\"10\"><\/textarea>\r\n\t\t\t\t\t\t\t<i class=\"fa fa-pencil\"><\/i>\r\n\t\t\t\t\t\t<\/div>\r\n\t\t\t\t\t\t\r\n\t\t\t\t\t<\/div><div class=\"w-form-row\">\r\n\t\t\t\t\t\t<div class=\"w-form-label\">\r\n\t\t\t\t\t\t\t<label for=\"contact_captcha\">Um Spam zu vermeiden tragen Sie bitte das Resultat der einfachen Rechenaufgabe ein,  Danke 14 - 1<\/label>\r\n\t\t\t\t\t\t<\/div>\r\n\t\t\t\t\t\t<div class=\"w-form-field\">\r\n\t\t\t\t\t\t\t<input type=\"hidden\" name=\"contact_captcha_result\" value=\"8cb561d5ec3ade663e41f225a95c9556\">\r\n\t\t\t\t\t\t\t<input type=\"text\" name=\"contact_captcha\" id=\"contact_captcha\" value=\"\">\r\n\t\t\t\t\t\t<\/div>\r\n\t\t\t\t\t\t\r\n\t\t\t\t\t<\/div><div class=\"w-form-row for_submit\">\r\n\t\t\t\t\t\t<div class=\"w-form-field\">\r\n\t\t\t\t\t\t\t<button class=\"g-btn color_primary\"><i class=\"fa fa-spinner fa-spin\"><\/i><span>Senden<\/span><\/button>\r\n\t\t\t\t\t\t\t<div class=\"w-form-field-success\"><\/div>\r\n\t\t\t\t\t\t<\/div>\r\n\t\t\t\t\t<\/div>\r\n\t\t<\/form><\/div><div class=\"one-third\">\n\t<div class=\"wpb_text_column \">\n\t\t<div class=\"wpb_wrapper\">\n\t\t\t\n<div class=\"footer-contact\">\n<h5>Weitere Kontaktm\u00f6glichkeiten:<\/h5>\n<p><span class=\"contact-row-left\">E-mail:<\/span><span class=\"contact-row-right\"><a href=\"mailto:epilare@definitiva.ro\">epilare (klammeraffe) definitiva (ro)<\/a><\/span><br \/>\n<span class=\"contact-row-left\">Pagin\u0103 web:<\/span><span class=\"contact-row-right\"><a href=\"https:\/\/epilare.definitiva.ro\">epilare.definitiva.ro<\/a><\/span><br \/>\n<span class=\"contact-row-left\">Facebook:<\/span><span class=\"contact-row-right\"><a href=\"https:\/\/www.facebook.com\/groups\/epidermisneu\" target=\"_blank\" rel=\"noopener\">Epilare Definitiva<\/a><\/span><\/p>\n<\/div>\n\n\t\t<\/div> \n\t<\/div> <div class=\"w-socials size_big align_center\">\r\n\t\t\t<div class=\"w-socials-list\"><div class=\"w-socials-item email\">\r\n\t\t\t\t\t<a class=\"w-socials-item-link\" href=\"mailto:michael@schmidleitner.at\">\r\n\t\t\t\t\t\t<i class=\"fa fa-envelope\"><\/i>\r\n\t\t\t\t\t<\/a>\r\n\t\t\t\t\t<div class=\"w-socials-item-popup\">\r\n\t\t\t\t\t\t<span>Email<\/span>\r\n\t\t\t\t\t<\/div>\r\n\t\t\t\t\t<\/div><div class=\"w-socials-item facebook\">\r\n\t\t\t\t\t<a class=\"w-socials-item-link\" target=\"_blank\" href=\"https:\/\/www.facebook.com\/groups\/epidermisneu\">\r\n\t\t\t\t\t\t<i class=\"fa fa-facebook\"><\/i>\r\n\t\t\t\t\t<\/a>\r\n\t\t\t\t\t<div class=\"w-socials-item-popup\">\r\n\t\t\t\t\t\t<span>Facebook<\/span>\r\n\t\t\t\t\t<\/div>\r\n\t\t\t\t\t<\/div><div class=\"w-socials-item gplus\">\r\n\t\t\t\t\t<a class=\"w-socials-item-link\" target=\"_blank\" href=\"https:\/\/plus.google.com\/u\/0\/106730199262660605559\/posts\">\r\n\t\t\t\t\t\t<i class=\"fa fa-google-plus\"><\/i>\r\n\t\t\t\t\t<\/a>\r\n\t\t\t\t\t<div class=\"w-socials-item-popup\">\r\n\t\t\t\t\t\t<span>Google+<\/span>\r\n\t\t\t\t\t<\/div>\r\n\t\t\t\t\t<\/div><div class=\"w-socials-item youtube\">\r\n\t\t\t\t\t<a class=\"w-socials-item-link\" target=\"_blank\" href=\"https:\/\/youtu.be\/xfmiO4_pq_0\">\r\n\t\t\t\t\t\t<i class=\"fa fa-youtube-play\"><\/i>\r\n\t\t\t\t\t<\/a>\r\n\t\t\t\t\t<div class=\"w-socials-item-popup\">\r\n\t\t\t\t\t\t<span>YouTube<\/span>\r\n\t\t\t\t\t<\/div>\r\n\t\t\t\t\t<\/div><\/div><\/div>\n\t<div class=\"wpb_single_image wpb_content_element align_center\">\n\t\t<div class=\"wpb_wrapper\">\n\t\t\t<img loading=\"lazy\" decoding=\"async\" width=\"256\" height=\"300\" src=\"https:\/\/epilare.definitiva.ro\/wp-content\/uploads\/2015\/02\/contact-epilare-definitiva-256x300.jpg\" class=\"attachment-medium size-medium\" alt=\"\" srcset=\"https:\/\/epilare.definitiva.ro\/wp-content\/uploads\/2015\/02\/contact-epilare-definitiva-256x300.jpg 256w, https:\/\/epilare.definitiva.ro\/wp-content\/uploads\/2015\/02\/contact-epilare-definitiva-171x200.jpg 171w, https:\/\/epilare.definitiva.ro\/wp-content\/uploads\/2015\/02\/contact-epilare-definitiva.jpg 484w\" sizes=\"auto, (max-width: 256px) 100vw, 256px\" \/>\n\t\t<\/div> \n\t<\/div> <\/div><\/div><\/div><\/div>","protected":false},"excerpt":{"rendered":"<p>Impressum S.C. Skin Unu S.R.L. Satulung Nr. 167 Code Postal: 437270 Judetul: Maramures Reg. Nr.: J24 \/ 423 \/ 23.02.2007 Steuernummer: 21196601 Administratorin: Gabriela BOBIN Consultant: Michael SCHMIDLEITNER E-Mail: epilare (Klammeraffe) definitiva (ro)<\/p>\n","protected":false},"author":1,"featured_media":0,"parent":0,"menu_order":0,"comment_status":"open","ping_status":"open","template":"","meta":{"_exactmetrics_skip_tracking":false,"_exactmetrics_sitenote_active":false,"_exactmetrics_sitenote_note":"","_exactmetrics_sitenote_category":0,"footnotes":""},"class_list":["post-625","page","type-page","status-publish","hentry"],"_links":{"self":[{"href":"https:\/\/epilare.definitiva.ro\/de\/wp-json\/wp\/v2\/pages\/625","targetHints":{"allow":["GET"]}}],"collection":[{"href":"https:\/\/epilare.definitiva.ro\/de\/wp-json\/wp\/v2\/pages"}],"about":[{"href":"https:\/\/epilare.definitiva.ro\/de\/wp-json\/wp\/v2\/types\/page"}],"author":[{"embeddable":true,"href":"https:\/\/epilare.definitiva.ro\/de\/wp-json\/wp\/v2\/users\/1"}],"replies":[{"embeddable":true,"href":"https:\/\/epilare.definitiva.ro\/de\/wp-json\/wp\/v2\/comments?post=625"}],"version-history":[{"count":50,"href":"https:\/\/epilare.definitiva.ro\/de\/wp-json\/wp\/v2\/pages\/625\/revisions"}],"predecessor-version":[{"id":1282,"href":"https:\/\/epilare.definitiva.ro\/de\/wp-json\/wp\/v2\/pages\/625\/revisions\/1282"}],"wp:attachment":[{"href":"https:\/\/epilare.definitiva.ro\/de\/wp-json\/wp\/v2\/media?parent=625"}],"curies":[{"name":"wp","href":"https:\/\/api.w.org\/{rel}","templated":true}]}}