{"id":426,"date":"2015-02-20T11:49:38","date_gmt":"2015-02-20T09:49:38","guid":{"rendered":"http:\/\/epilare.definitiva.ro\/?page_id=426"},"modified":"2017-12-27T18:51:46","modified_gmt":"2017-12-27T16:51:46","slug":"contact","status":"publish","type":"page","link":"https:\/\/epilare.definitiva.ro\/de\/contact\/","title":{"rendered":"Kontakt"},"content":{"rendered":"<div class=\"l-submain a4 a4up about\" id=\"despre-noi\"><div class=\"l-submain-h g-html i-cf\"><div class=\"g-cols offset_default\"><div class=\"full-width\">\n\t<div class=\"wpb_text_column \">\n\t\t<div class=\"wpb_wrapper\">\n\t\t\t<p>Zertifizierter Med. Techn. Spezialist f\u00fcr Laser und Licht (IPL) Behandlungen<\/p>\n<p>Zertifizierter Laserschutz-Beauftragter im Klinik- und Spitalswesen<\/p>\n<p>&nbsp;<\/p>\n<p>tel.: +40 740 75 78 99<\/p>\n<p>mail: epilare@definitiva.ro<\/p>\n<p>&nbsp;<\/p>\n\n\t\t<\/div> \n\t<\/div> <\/div><\/div><\/div><\/div><div class=\"l-submain a4 a4down justify\"><div class=\"l-submain-h g-html i-cf\"><div class=\"g-cols offset_default\"><div class=\"full-width\">\n\t<div class=\"wpb_text_column \">\n\t\t<div class=\"wpb_wrapper\">\n\t\t\t<p>Als ehem. Verantwortlicher Schulungsleiter in Rum\u00e4nien f\u00fcr die non invasive Behandlung von Varikose mit dem NdYag-Laser der Fa. Lumenis, dem Weltmarktf\u00fchrer und Erfinder des IPL-Systems, biete ich seit 2003 mit meiner Firma in Zusammenarbeit mit \u00f6rtlichen dermatologischen Praxen, selbst\u00e4ndig IPL und Laser-Behandlungen im Privatklinik-Bereich an.<\/p>\n<p>&nbsp;<\/p>\n<p>Die Dienstleistungen die wir hier anbieten sind:<\/p>\n<ul>\n<li><strong>Garantierte permanente Reduktion des Haarwachstumes mit IPL<\/strong><\/li>\n<li><strong>Skinrevunation (Hautverj\u00fcngung) Behandlung mit IPL oder Laser<\/strong><\/li>\n<li><strong>Entfernung von Pigment-, Sonnenflecken, und Sommersprossen<\/strong><\/li>\n<li><strong>Non invasive Behandlung von H\u00e4mangiomen, Couperose, Rosacea, Besenreisser und Krampfadern mit dem NdYag-Laser<\/strong><\/li>\n<\/ul>\n<p><strong>Retikul\u00e4re Varizen: oberfl\u00e4chliche Venenerweiterungen zwischen einem und drei Millimeter Besenrei\u00dfervarizen: entstehen durch die Erweiterung von weniger als ein Millimeter gro\u00dfen oberfl\u00e4chlichen Venen und bilden ein feines, r\u00f6tlich-bl\u00e4uliches, spinnennetz-artiges Geflecht. Sie stellen nur ein kosmetisches Problem dar.<\/strong><\/p>\n<ul>\n<li><strong>Onychomykose (Nagelpilzerkrankung) mit dem NdYag-Laser<\/strong><\/li>\n<\/ul>\n<p>Mit unserer nunmehr 12-J\u00e4hrigen Behandlungserfahrung bieten wir in allen Kliniken und Praxen in denen wir arbeiten, folgende Garantie f\u00fcr die permanente Haarentfernung an:<\/p>\n<p>Sollte sich nach 15 Therapien im behandeltem Bereich noch Haarwuchs einstellen, so behandeln wir gratis bis zum gew\u00fcnschten Ergebnis!<\/p>\n<p>Ausgenommen ist wei\u00dfes -, wei\u00dfblondes Haar und -flaum. Die Ergebnisse halten ein Leben lang, eventueller sich nach ca. 5-6 Jahren einstellender Haarwuchs ist im Vergleich zum Ursprung als marginal zu bezeichnen! Wir arbeiten mit dem besten, renommiertesten am Markt befindlichen IPL-Laser System!<\/p>\n<p>Daf\u00fcr stehen wir mit unserer Firma!\n\t\t<\/div> \n\t<\/div> <\/div><\/div><\/div><\/div><div class=\"l-submain\" id=\"parteneri\"><div class=\"l-submain-h g-html i-cf\"><div class=\"g-cols offset_default\"><div class=\"five-sixths\">\n\t<div class=\"wpb_text_column \">\n\t\t<div class=\"wpb_wrapper\">\n\t\t\t\n<h3>Die Partner von Skin Esthet<\/h3>\n<p><strong>Dr. Lucian Fodor<\/strong> &#8211; <a href=\"http:\/\/www.drfodor.ro\/\" target=\"_blank\"><strong>Klinik Hiperdia<\/strong> &#8211; \u00e4sthetische Chirurgie Cluj<\/a><\/p>\n<p><strong>Dr. Argentina Vidra\u0219cu<\/strong> &#8211; <a href=\"http:\/\/www.chirurgieesteticacluj.ro\/clinica\/non-invazive\/epilare-definitiva.aspx\" target=\"_blank\"><strong>Lipoline<\/strong> &#8211; \u00e4sthetische Chirurgie Cluj-Napoca<\/a><\/p>\n<p><strong>Dr. Daniela Zaharia<\/strong> &#8211; <a href=\"http:\/\/atelierdefrumusete.ro\" target=\"_blank\"><strong>Beauty Center<\/strong> &#8211; medizin\u00e4sthetische und kosmetische Kosmetik, Dermatologie in Timisoara<\/a><\/p>\n<p><a href=\"http:\/\/www.derma-team.ro\/cabinet-dermatologic-pag16420.html\" target=\"_blank\"><strong>Derma Team<\/strong> &#8211; Dermatologie und med. Kosmetik in Cluj<\/a><\/p>\n<p><a href=\"http:\/\/www.artbodyclinique.ro\/\" target=\"_blank\"><strong>Art Body Clinique<\/strong> &#8211; Plastische- und Rekonstruktive Chirurgie<\/a>\n\t\t<\/div> \n\t<\/div> <\/div><div class=\"one-sixth\">\n\t<div class=\"wpb_text_column \">\n\t\t<div class=\"wpb_wrapper\">\n\t\t\t<p>\n\n\t\t<\/div> \n\t<\/div> <\/div><\/div><\/div><\/div><div class=\"l-submain white-bgrd\" id=\"contact\"><div class=\"l-submain-overlay black_10\"><\/div><div class=\"l-submain-h g-html i-cf\"><div class=\"g-cols offset_default\"><div class=\"two-thirds\">\n\t<div class=\"wpb_text_column \">\n\t\t<div class=\"wpb_wrapper\">\n\t\t\t\n<h4>Kontakt<\/h4>\n<p>Wenn Sie mehr \u00fcber unsere Dienstleistungen erfahren m\u00f6chten oder uns einfach Ihr Feedback senden m\u00f6chten, verwenden Sie bitte unten stehendes Formular.\n\t\t<\/div> \n\t<\/div> <form class=\"w-form\" action=\"\" method=\"post\"><input type=\"hidden\" name=\"action\" value=\"contact\"><div class=\"w-form-row\">\r\n\t\t\t\t\t\t<div class=\"w-form-label\">\r\n\t\t\t\t\t\t\t<label for=\"contact_name\">Familienname, Vorname *<\/label>\r\n\t\t\t\t\t\t<\/div>\r\n\t\t\t\t\t\t<div class=\"w-form-field\">\r\n\t\t\t\t\t\t\t<input type=\"text\" name=\"contact_name\" id=\"contact_name\" value=\"\">\r\n\t\t\t\t\t\t\t<i class=\"fa fa-user\"><\/i>\r\n\t\t\t\t\t\t<\/div>\r\n\t\t\t\t\t\t\r\n\t\t\t\t\t<\/div><div class=\"w-form-row\">\r\n\t\t\t\t\t\t<div class=\"w-form-label\">\r\n\t\t\t\t\t\t\t<label for=\"contact_email\">e-Mail-Adresse *<\/label>\r\n\t\t\t\t\t\t<\/div>\r\n\t\t\t\t\t\t<div class=\"w-form-field\">\r\n\t\t\t\t\t\t\t<input type=\"text\" name=\"contact_email\" id=\"contact_email\" value=\"\">\r\n\t\t\t\t\t\t\t<i class=\"fa fa-envelope\"><\/i>\r\n\t\t\t\t\t\t<\/div>\r\n\t\t\t\t\t\t\r\n\t\t\t\t\t<\/div><div class=\"w-form-row\">\r\n\t\t\t\t\t\t<div class=\"w-form-label\">\r\n\t\t\t\t\t\t\t<label for=\"contact_phone\">Telefonnummer *<\/label>\r\n\t\t\t\t\t\t<\/div>\r\n\t\t\t\t\t\t<div class=\"w-form-field\">\r\n\t\t\t\t\t\t\t<input type=\"text\" name=\"contact_phone\" id=\"contact_phone\" value=\"\">\r\n\t\t\t\t\t\t\t<i class=\"fa fa-phone\"><\/i>\r\n\t\t\t\t\t\t<\/div>\r\n\t\t\t\t\t\t\r\n\t\t\t\t\t<\/div><div class=\"w-form-row\">\r\n\t\t\t\t\t\t<div class=\"w-form-label\">\r\n\t\t\t\t\t\t\t<label for=\"input1x3\">Text Nachricht *<\/label>\r\n\t\t\t\t\t\t<\/div>\r\n\t\t\t\t\t\t<div class=\"w-form-field\">\r\n\t\t\t\t\t\t\t<textarea name=\"contact_message\" id=\"contact_message\" cols=\"30\" rows=\"10\"><\/textarea>\r\n\t\t\t\t\t\t\t<i class=\"fa fa-pencil\"><\/i>\r\n\t\t\t\t\t\t<\/div>\r\n\t\t\t\t\t\t\r\n\t\t\t\t\t<\/div><div class=\"w-form-row\">\r\n\t\t\t\t\t\t<div class=\"w-form-label\">\r\n\t\t\t\t\t\t\t<label for=\"contact_captcha\">Um Spam zu vermeiden tragen Sie bitte das Resultat der einfachen Rechenaufgabe ein,  Danke 19 + 0<\/label>\r\n\t\t\t\t\t\t<\/div>\r\n\t\t\t\t\t\t<div class=\"w-form-field\">\r\n\t\t\t\t\t\t\t<input type=\"hidden\" name=\"contact_captcha_result\" value=\"c14f8e3e79b96067ed58b75c9adf1c08\">\r\n\t\t\t\t\t\t\t<input type=\"text\" name=\"contact_captcha\" id=\"contact_captcha\" value=\"\">\r\n\t\t\t\t\t\t<\/div>\r\n\t\t\t\t\t\t\r\n\t\t\t\t\t<\/div><div class=\"w-form-row for_submit\">\r\n\t\t\t\t\t\t<div class=\"w-form-field\">\r\n\t\t\t\t\t\t\t<button class=\"g-btn color_primary outlined\"><i class=\"fa fa-spinner fa-spin\"><\/i><span>Senden<\/span><\/button>\r\n\t\t\t\t\t\t\t<div class=\"w-form-field-success\"><\/div>\r\n\t\t\t\t\t\t<\/div>\r\n\t\t\t\t\t<\/div>\r\n\t\t<\/form><\/div><div class=\"one-third\">\n\t<div class=\"wpb_text_column \">\n\t\t<div class=\"wpb_wrapper\">\n\t\t\t\n<div class=\"footer-contact\">\n<h5>Weitere Kontaktm\u00f6glichkeiten:<\/h5>\n<p><span class=\"contact-row-left\">Telefon:<\/span><span class=\"contact-row-right\"><strong>+40 740 75 78 99<\/strong><\/span><br \/>\n<span class=\"contact-row-left\">E-mail:<\/span><span class=\"contact-row-right\"><a href=\"mailto:epilare@definitiva.ro\">epilare @ definitiva .ro<\/a><\/span><br \/>\n<span class=\"contact-row-left\">Pagin\u0103 web:<\/span><span class=\"contact-row-right\"><a href=\"https:\/\/epilare.definitiva.ro\">epilare.definitiva.ro<\/a><\/span><br \/>\n<span class=\"contact-row-left\">Facebook:<\/span><span class=\"contact-row-right\"><a href=\"https:\/\/www.facebook.com\/epilare.definitiva.garantata\" target=\"_blank\">Epilare Definitiva<\/a><\/span><\/p>\n<\/div>\n\n\t\t<\/div> \n\t<\/div> <div class=\"w-socials size_big align_center\">\r\n\t\t\t<div class=\"w-socials-list\"><div class=\"w-socials-item email\">\r\n\t\t\t\t\t<a class=\"w-socials-item-link\" href=\"mailto:michael@schmidleitner.at\">\r\n\t\t\t\t\t\t<i class=\"fa fa-envelope\"><\/i>\r\n\t\t\t\t\t<\/a>\r\n\t\t\t\t\t<div class=\"w-socials-item-popup\">\r\n\t\t\t\t\t\t<span>Email<\/span>\r\n\t\t\t\t\t<\/div>\r\n\t\t\t\t\t<\/div><div class=\"w-socials-item facebook\">\r\n\t\t\t\t\t<a class=\"w-socials-item-link\" target=\"_blank\" href=\"https:\/\/www.facebook.com\/epilare.definitiva.garantata\">\r\n\t\t\t\t\t\t<i class=\"fa fa-facebook\"><\/i>\r\n\t\t\t\t\t<\/a>\r\n\t\t\t\t\t<div class=\"w-socials-item-popup\">\r\n\t\t\t\t\t\t<span>Facebook<\/span>\r\n\t\t\t\t\t<\/div>\r\n\t\t\t\t\t<\/div><div class=\"w-socials-item gplus\">\r\n\t\t\t\t\t<a class=\"w-socials-item-link\" target=\"_blank\" href=\"https:\/\/plus.google.com\/u\/0\/106730199262660605559\/posts\">\r\n\t\t\t\t\t\t<i class=\"fa fa-google-plus\"><\/i>\r\n\t\t\t\t\t<\/a>\r\n\t\t\t\t\t<div class=\"w-socials-item-popup\">\r\n\t\t\t\t\t\t<span>Google+<\/span>\r\n\t\t\t\t\t<\/div>\r\n\t\t\t\t\t<\/div><div class=\"w-socials-item youtube\">\r\n\t\t\t\t\t<a class=\"w-socials-item-link\" target=\"_blank\" href=\"https:\/\/youtu.be\/xfmiO4_pq_0\">\r\n\t\t\t\t\t\t<i class=\"fa fa-youtube-play\"><\/i>\r\n\t\t\t\t\t<\/a>\r\n\t\t\t\t\t<div class=\"w-socials-item-popup\">\r\n\t\t\t\t\t\t<span>YouTube<\/span>\r\n\t\t\t\t\t<\/div>\r\n\t\t\t\t\t<\/div><\/div><\/div>\n\t<div class=\"wpb_single_image wpb_content_element align_center\">\n\t\t<div class=\"wpb_wrapper\">\n\t\t\t<img loading=\"lazy\" decoding=\"async\" width=\"256\" height=\"300\" src=\"https:\/\/epilare.definitiva.ro\/wp-content\/uploads\/2015\/02\/contact-epilare-definitiva-256x300.jpg\" class=\"attachment-medium size-medium\" alt=\"\" srcset=\"https:\/\/epilare.definitiva.ro\/wp-content\/uploads\/2015\/02\/contact-epilare-definitiva-256x300.jpg 256w, https:\/\/epilare.definitiva.ro\/wp-content\/uploads\/2015\/02\/contact-epilare-definitiva-171x200.jpg 171w, https:\/\/epilare.definitiva.ro\/wp-content\/uploads\/2015\/02\/contact-epilare-definitiva.jpg 484w\" sizes=\"auto, (max-width: 256px) 100vw, 256px\" \/>\n\t\t<\/div> \n\t<\/div> <\/div><\/div><\/div><\/div>","protected":false},"excerpt":{"rendered":"[section background=\"\" img=\"\" class=\"a4 a4up about\" id=\"despre-noi\"] Zertifizierter Med. Techn. Spezialist f\u00fcr Laser und Licht (IPL) Behandlungen Zertifizierter Laserschutz-Beauftragter im Klinik- und Spitalswesen &nbsp; tel.: +40 740 75 78 99 mail: epilare@definitiva.ro &nbsp; [\/section][section background=\"\" img=\"\" class=\"a4 a4down justify\"] Als...","protected":false},"author":1,"featured_media":0,"parent":0,"menu_order":0,"comment_status":"open","ping_status":"open","template":"","meta":{"_exactmetrics_skip_tracking":false,"_exactmetrics_sitenote_active":false,"_exactmetrics_sitenote_note":"","_exactmetrics_sitenote_category":0,"footnotes":""},"class_list":["post-426","page","type-page","status-publish","hentry"],"_links":{"self":[{"href":"https:\/\/epilare.definitiva.ro\/de\/wp-json\/wp\/v2\/pages\/426","targetHints":{"allow":["GET"]}}],"collection":[{"href":"https:\/\/epilare.definitiva.ro\/de\/wp-json\/wp\/v2\/pages"}],"about":[{"href":"https:\/\/epilare.definitiva.ro\/de\/wp-json\/wp\/v2\/types\/page"}],"author":[{"embeddable":true,"href":"https:\/\/epilare.definitiva.ro\/de\/wp-json\/wp\/v2\/users\/1"}],"replies":[{"embeddable":true,"href":"https:\/\/epilare.definitiva.ro\/de\/wp-json\/wp\/v2\/comments?post=426"}],"version-history":[{"count":51,"href":"https:\/\/epilare.definitiva.ro\/de\/wp-json\/wp\/v2\/pages\/426\/revisions"}],"predecessor-version":[{"id":1241,"href":"https:\/\/epilare.definitiva.ro\/de\/wp-json\/wp\/v2\/pages\/426\/revisions\/1241"}],"wp:attachment":[{"href":"https:\/\/epilare.definitiva.ro\/de\/wp-json\/wp\/v2\/media?parent=426"}],"curies":[{"name":"wp","href":"https:\/\/api.w.org\/{rel}","templated":true}]}}